{"id":61,"date":"2025-04-10T13:34:37","date_gmt":"2025-04-10T11:34:37","guid":{"rendered":"https:\/\/wp.firethewall.org\/?page_id=61"},"modified":"2025-04-10T14:11:02","modified_gmt":"2025-04-10T12:11:02","slug":"sources-dinformation","status":"publish","type":"page","link":"https:\/\/wp.firethewall.org\/?page_id=61","title":{"rendered":"Sources d&rsquo;information"},"content":{"rendered":"\n<h3 class=\"wp-block-heading\">Livres<\/h3>\n\n\n\n<ul class=\"wp-block-list\">\n<li><a href=\"https:\/\/howbadarebananas.com\/\">\u00ab\u00a0How bad are bananas\u00a0\u00bb<\/a> par Mike Berners-Lee (traduit en fran\u00e7ais sous le titre <a href=\"https:\/\/larbrequimarche-editions.fr\/catalogue\/peut-on-encore-manger-des-bananes\/\">\u00ab\u00a0Peut-on encore manger des bananes ?\u00a0\u00bb<\/a>). Dans ce livre, l&rsquo;auteur passe en revue l&rsquo;impact carbone de nombreux objets et activit\u00e9s.<\/li>\n\n\n\n<li><a href=\"https:\/\/www.seuil.com\/ouvrage\/l-age-des-low-tech-philippe-bihouix\/9782021160727\">\u00ab\u00a0L&rsquo;\u00e2ge des low tech\u00a0\u00bb<\/a> par Philippe Bihouix. L&rsquo;auteur explique pourquoi il est n\u00e9cessaire ne diminuer drastiquement notre d\u00e9pendance vis-\u00e0-vis de technologies complexes.<\/li>\n<\/ul>\n\n\n\n<h3 class=\"wp-block-heading\">Articles scientifiques<\/h3>\n\n\n\n<h3 class=\"wp-block-heading\">Sites web<\/h3>\n\n\n\n<ul class=\"wp-block-list\">\n<li><a href=\"https:\/\/solar.lowtechmagazine.com\/\">Low-tech Magazine<\/a> (anglais, existe en <a href=\"https:\/\/solar.lowtechmagazine.com\/fr\/\">version fran\u00e7aise<\/a>). Ce site s&rsquo;int\u00e9resse particuli\u00e8rement \u00e0 la possibilit\u00e9 de red\u00e9couvrir certaines technologies et pratiques simples, parfois anciennes, pour diminuer notre consommation \u00e9nerg\u00e9tique.<\/li>\n<\/ul>\n\n\n\n<h3 class=\"wp-block-heading\">Podcasts<\/h3>\n\n\n\n<ul class=\"wp-block-list\">\n<li><a href=\"https:\/\/www.radiofrance.fr\/franceinter\/podcasts\/la-terre-au-carre\">La Terre au carr\u00e9<\/a>. \u00c9mission hebdomadaire de France Inter traitant d&rsquo;\u00e9cologie. <\/li>\n\n\n\n<li><a href=\"https:\/\/www.thegreatsimplification.com\/episodes\">The great simplification<\/a> (anglais). Nate Hagens et ses invit\u00e9s traitent des multiples facettes des crises \u00e9cologiques, sociales, \u00e9conomiques auxquelles nous sommes confront\u00e9s.<\/li>\n<\/ul>\n\n\n\n<h3 class=\"wp-block-heading\">Cha\u00eenes de contenu vid\u00e9o<\/h3>\n\n\n\n<p><\/p>\n","protected":false},"excerpt":{"rendered":"<p>Livres Articles scientifiques Sites web Podcasts Cha\u00eenes de contenu vid\u00e9o<\/p>\n","protected":false},"author":1,"featured_media":0,"parent":0,"menu_order":0,"comment_status":"closed","ping_status":"closed","template":"","meta":{"footnotes":""},"class_list":["post-61","page","type-page","status-publish","hentry"],"_links":{"self":[{"href":"https:\/\/wp.firethewall.org\/index.php?rest_route=\/wp\/v2\/pages\/61","targetHints":{"allow":["GET"]}}],"collection":[{"href":"https:\/\/wp.firethewall.org\/index.php?rest_route=\/wp\/v2\/pages"}],"about":[{"href":"https:\/\/wp.firethewall.org\/index.php?rest_route=\/wp\/v2\/types\/page"}],"author":[{"embeddable":true,"href":"https:\/\/wp.firethewall.org\/index.php?rest_route=\/wp\/v2\/users\/1"}],"replies":[{"embeddable":true,"href":"https:\/\/wp.firethewall.org\/index.php?rest_route=%2Fwp%2Fv2%2Fcomments&post=61"}],"version-history":[{"count":12,"href":"https:\/\/wp.firethewall.org\/index.php?rest_route=\/wp\/v2\/pages\/61\/revisions"}],"predecessor-version":[{"id":106,"href":"https:\/\/wp.firethewall.org\/index.php?rest_route=\/wp\/v2\/pages\/61\/revisions\/106"}],"wp:attachment":[{"href":"https:\/\/wp.firethewall.org\/index.php?rest_route=%2Fwp%2Fv2%2Fmedia&parent=61"}],"curies":[{"name":"wp","href":"https:\/\/api.w.org\/{rel}","templated":true}]}}