{"id":44,"date":"2025-04-03T13:03:32","date_gmt":"2025-04-03T11:03:32","guid":{"rendered":"https:\/\/wp.firethewall.org\/?page_id=44"},"modified":"2025-04-03T13:03:32","modified_gmt":"2025-04-03T11:03:32","slug":"quelques-informations-generales","status":"publish","type":"page","link":"https:\/\/wp.firethewall.org\/?page_id=44","title":{"rendered":"Quelques informations g\u00e9n\u00e9rales"},"content":{"rendered":"\n<p>L\u2019ascenseur d\u00e9marra tout seul apr\u00e8s que la porte se soit ferm\u00e9e. Il descendait. Il n\u2019arr\u00eatait pas de descendre. Puis, il s\u2019arr\u00eata enfin. La porte s\u2019ouvrit. Et David eut la stupeur de sa vie. Devant lui se d\u00e9ployait un complexe informatique. Une vingtaine de personnes se d\u00e9pla\u00e7aient d\u2019un poste \u00e0 l\u2019autre regardant au passage les \u00e9crans g\u00e9ants muraux situ\u00e9s au fond de la salle. Il y avait bien une cinquantaine d\u2019ordinateurs, cinq \u00e9crans g\u00e9ants et, situ\u00e9 entre les \u00e9crans g\u00e9ants et les ordinateurs, une machinerie impressionnante.<\/p>\n\n\n\n<p>David n\u2019a pas fait grand chose, il a juste cr\u00e9\u00e9 un embryon de programme. Mais ce programme s\u2019est d\u00e9velopp\u00e9 lui-m\u00eame. Comme l\u2019ordinateur de David n\u2019\u00e9tait pas suffisant, il a utilis\u00e9 le r\u00e9seau pour s\u2019installer sur les autres ordinateurs. Il a grandi alors de mani\u00e8re exponentielle et le voil\u00e0 : Pr\u00e9lude. Connect\u00e9 \u00e0 tous les ordinateurs et capable de leur donner les ordres qu\u2019il veut.<\/p>\n\n\n\n<p><\/p>\n","protected":false},"excerpt":{"rendered":"<p>L\u2019ascenseur d\u00e9marra tout seul apr\u00e8s que la porte se soit ferm\u00e9e. Il descendait. Il n\u2019arr\u00eatait pas de descendre. Puis, il s\u2019arr\u00eata enfin. La porte s\u2019ouvrit. Et David eut la stupeur&hellip; <a class=\"more-link\" href=\"https:\/\/wp.firethewall.org\/?page_id=44\">Lire la suite <span class=\"screen-reader-text\">Quelques informations g\u00e9n\u00e9rales<\/span><\/a><\/p>\n","protected":false},"author":1,"featured_media":0,"parent":0,"menu_order":0,"comment_status":"closed","ping_status":"closed","template":"","meta":{"footnotes":""},"class_list":["post-44","page","type-page","status-publish","hentry"],"_links":{"self":[{"href":"https:\/\/wp.firethewall.org\/index.php?rest_route=\/wp\/v2\/pages\/44","targetHints":{"allow":["GET"]}}],"collection":[{"href":"https:\/\/wp.firethewall.org\/index.php?rest_route=\/wp\/v2\/pages"}],"about":[{"href":"https:\/\/wp.firethewall.org\/index.php?rest_route=\/wp\/v2\/types\/page"}],"author":[{"embeddable":true,"href":"https:\/\/wp.firethewall.org\/index.php?rest_route=\/wp\/v2\/users\/1"}],"replies":[{"embeddable":true,"href":"https:\/\/wp.firethewall.org\/index.php?rest_route=%2Fwp%2Fv2%2Fcomments&post=44"}],"version-history":[{"count":1,"href":"https:\/\/wp.firethewall.org\/index.php?rest_route=\/wp\/v2\/pages\/44\/revisions"}],"predecessor-version":[{"id":45,"href":"https:\/\/wp.firethewall.org\/index.php?rest_route=\/wp\/v2\/pages\/44\/revisions\/45"}],"wp:attachment":[{"href":"https:\/\/wp.firethewall.org\/index.php?rest_route=%2Fwp%2Fv2%2Fmedia&parent=44"}],"curies":[{"name":"wp","href":"https:\/\/api.w.org\/{rel}","templated":true}]}}